{"id":907,"date":"2017-12-15T12:15:37","date_gmt":"2017-12-15T18:15:37","guid":{"rendered":"http:\/\/www.enriquetabara.com\/estudio-tabara\/?post_type=product&#038;p=907"},"modified":"2022-01-19T05:59:33","modified_gmt":"2022-01-19T11:59:33","slug":"constructivo-marron","status":"publish","type":"product","link":"https:\/\/www.enriquetabara.com\/estudio-tabara\/producto\/constructivo-marron\/","title":{"rendered":"&#8220;Construcci\u00f3n cl\u00e1sica&#8221;"},"content":{"rendered":"<p><strong>T\u00e9cnica:<\/strong>\u00a0Oleo<\/p>\n<p><strong>Medidas:<\/strong>\u00a0120&#215;110 cm<\/p>\n<p><strong>A\u00f1o:<\/strong>\u00a02016<\/p>\n","protected":false},"excerpt":{"rendered":"<p>T\u00e9cnica:\u00a0Oleo Medidas:\u00a0120&#215;110 cm A\u00f1o:\u00a02016<\/p>\n","protected":false},"featured_media":0,"comment_status":"open","ping_status":"closed","template":"","meta":[],"_links":{"self":[{"href":"https:\/\/www.enriquetabara.com\/estudio-tabara\/wp-json\/wp\/v2\/product\/907"}],"collection":[{"href":"https:\/\/www.enriquetabara.com\/estudio-tabara\/wp-json\/wp\/v2\/product"}],"about":[{"href":"https:\/\/www.enriquetabara.com\/estudio-tabara\/wp-json\/wp\/v2\/types\/product"}],"replies":[{"embeddable":true,"href":"https:\/\/www.enriquetabara.com\/estudio-tabara\/wp-json\/wp\/v2\/comments?post=907"}],"wp:attachment":[{"href":"https:\/\/www.enriquetabara.com\/estudio-tabara\/wp-json\/wp\/v2\/media?parent=907"}],"curies":[{"name":"wp","href":"https:\/\/api.w.org\/{rel}","templated":true}]}}